{"id":6590,"date":"2010-01-27T08:29:32","date_gmt":"2010-01-27T07:29:32","guid":{"rendered":"https:\/\/demosites.io\/web-agency-gb\/?page_id=75"},"modified":"2026-01-06T16:46:20","modified_gmt":"2026-01-06T15:46:20","slug":"kontakt","status":"publish","type":"page","link":"http:\/\/annaroznicka.com\/blog\/kontakt\/","title":{"rendered":"Kontakt"},"content":{"rendered":"\n<div class=\"wp-block-cover alignfull has-nv-dark-bg-color has-text-color has-link-color wp-elements-d696f76e72f9747a5f6329c526173ab3\" style=\"min-height:600px;aspect-ratio:unset;\"><span aria-hidden=\"true\" class=\"wp-block-cover__background has-nv-site-bg-background-color has-background-dim-100 has-background-dim\"><\/span><div class=\"wp-block-cover__inner-container is-layout-flow wp-block-cover-is-layout-flow\">\n<div class=\"wp-block-group\"><div class=\"wp-block-group__inner-container is-layout-flow wp-block-group-is-layout-flow\">\n<div class=\"wp-block-columns is-layout-flex wp-container-core-columns-is-layout-9d6595d7 wp-block-columns-is-layout-flex\">\n<div class=\"wp-block-column is-layout-flow wp-block-column-is-layout-flow\" style=\"flex-basis:100%\">\n<div style=\"height:80px\" aria-hidden=\"true\" class=\"wp-block-spacer\"><\/div>\n<\/div>\n<\/div>\n\n\n\n<div class=\"wp-block-columns is-layout-flex wp-container-core-columns-is-layout-9d6595d7 wp-block-columns-is-layout-flex\">\n<div class=\"wp-block-column is-layout-flow wp-block-column-is-layout-flow\" style=\"flex-basis:50%\">\n<h2 class=\"wp-block-heading has-nv-dark-bg-color has-text-color\">Kontakt<\/h2>\n\n\n\n<p class=\"has-nv-dark-bg-color has-text-color\">Sesje fotograficzne realizuj\u0119 obecnie bardzo sporadycznie. <br>W przypadku konkretnych projekt\u00f3w lub propozycji wsp\u00f3\u0142pracy<br>zapraszam do kontaktu.<\/p>\n\n\n\n<div id=\"wp-block-themeisle-blocks-icon-list-c21e3320\" class=\"wp-block-themeisle-blocks-icon-list\">\n<div id=\"wp-block-themeisle-blocks-icon-list-item-fe4eff1b\" class=\"wp-block-themeisle-blocks-icon-list-item\"><i class=\"fas fa-phone wp-block-themeisle-blocks-icon-list-item-icon\"><\/i><p class=\"wp-block-themeisle-blocks-icon-list-item-content\">+48 602 759 792<\/p><\/div>\n\n\n\n<div id=\"wp-block-themeisle-blocks-icon-list-item-56aaae2b\" class=\"wp-block-themeisle-blocks-icon-list-item\"><i class=\"fas fa-envelope wp-block-themeisle-blocks-icon-list-item-icon\"><\/i><p class=\"wp-block-themeisle-blocks-icon-list-item-content\">info@annaroznicka.com<\/p><\/div>\n<\/div>\n\n\n\n<div style=\"height:20px\" aria-hidden=\"true\" class=\"wp-block-spacer\"><\/div>\n\n\n\n<div class=\"wp-block-essential-blocks-social  root-eb-social-links-06cv4\"><div class=\"eb-parent-wrapper eb-parent-eb-social-links-06cv4 eb_animation eb___animated eb___slideInUp\"><div class=\"eb-social-links-06cv4 eb-social-links-wrapper\"><ul class=\"eb-socials\"><li><a class=\"envelope-original hvr-pulse\" href=\"mailto:info@annaroznicka.com\" target=\"_self\" rel=\"noopener\" aria-label=\"social link\"><i class=\"fas fa-envelope hvr-icon eb-social-icon\" icon=\"fas fa-envelope\"><\/i><\/a><\/li><li><a class=\"phone-original hvr-pulse\" href=\"tel:+48602759792\" target=\"_self\" rel=\"noopener\" aria-label=\"social link\"><i class=\"fas fa-phone hvr-icon eb-social-icon\" icon=\"fas fa-phone\"><\/i><\/a><\/li><li><a class=\"linkedin-in-original hvr-pulse\" href=\"https:\/\/www.linkedin.com\/in\/anna-roznicka\/\" target=\"_blank\" rel=\"noopener\" aria-label=\"social link\"><i class=\"fab fa-linkedin-in hvr-icon eb-social-icon\" icon=\"fab fa-linkedin-in\"><\/i><\/a><\/li><li><a class=\"facebook-f-original hvr-pulse\" href=\"https:\/\/www.facebook.com\/AnnaRoznickaPhotography\/\" target=\"_blank\" rel=\"noopener\" aria-label=\"social link\"><i class=\"fab fa-facebook-f hvr-icon eb-social-icon\" icon=\"fab fa-facebook-f\"><\/i><\/a><\/li><li><a class=\"instagram-original hvr-pulse\" href=\"https:\/\/www.instagram.com\/annaroznicka_photography\/\" target=\"_blank\" rel=\"noopener\" aria-label=\"social link\"><i class=\"fab fa-instagram hvr-icon eb-social-icon\" icon=\"fab fa-instagram\"><\/i><\/a><\/li><\/ul><\/div><\/div><\/div>\n<\/div>\n\n\n\n<div class=\"wp-block-column is-vertically-aligned-center is-layout-flow wp-block-column-is-layout-flow\" style=\"flex-basis:50%\">\n<div id=\"wp-block-themeisle-blocks-form-5a53b94c\" class=\"wp-block-themeisle-blocks-form\" data-option-name=\"c38b0cacfc745875b342926bc6ca06f319830253_5a53b94c\"><form class=\"otter-form__container\">\n<div id=\"wp-block-themeisle-blocks-form-input-dcbb4f89\" class=\"wp-block-themeisle-blocks-form-input\"><label for=\"wp-block-themeisle-blocks-form-input-dcbb4f89-input\" class=\"otter-form-input-label\"><span class=\"otter-form-input-label__label\">Imi\u0119 i nazwisko<\/span><span class=\"required\">*<\/span><\/label><input type=\"text\" id=\"wp-block-themeisle-blocks-form-input-dcbb4f89-input\" required class=\"otter-form-input\"\/><\/div>\n\n\n\n<div id=\"wp-block-themeisle-blocks-form-input-c32e5623\" class=\"wp-block-themeisle-blocks-form-input\"><label for=\"wp-block-themeisle-blocks-form-input-c32e5623-input\" class=\"otter-form-input-label\"><span class=\"otter-form-input-label__label\">Email<\/span><span class=\"required\">*<\/span><\/label><input type=\"email\" id=\"wp-block-themeisle-blocks-form-input-c32e5623-input\" required class=\"otter-form-input\"\/><\/div>\n\n\n\n<div id=\"wp-block-themeisle-blocks-form-textarea-655994fe\" class=\"wp-block-themeisle-blocks-form-textarea\"><label for=\"wp-block-themeisle-blocks-form-textarea-655994fe-input\" class=\"otter-form-textarea-label\"><span class=\"otter-form-textarea-label__label\">Wiadomo\u015b\u0107<\/span><\/label><textarea name=\"\" id=\"wp-block-themeisle-blocks-form-textarea-655994fe-input\" rows=\"10\" class=\"otter-form-textarea-input\"><\/textarea><\/div>\n\n\n<div class=\"protection\" aria-hidden=\"true\"><input type=\"hidden\" id=\"wp-block-themeisle-blocks-form-5a53b94c_nonce_field\" name=\"wp-block-themeisle-blocks-form-5a53b94c_nonce_field\" value=\"5a54620c7d\" \/><input type=\"hidden\" name=\"_wp_http_referer\" value=\"\/blog\/wp-json\/wp\/v2\/pages\/6590\" \/><input class=\"o-anti-bot\" type=\"checkbox\"><\/div><div class=\"wp-block-button\"><button class=\"wp-block-button__link\" type=\"submit\">Wy\u015blij<\/button><\/div><\/form><\/div>\n<\/div>\n<\/div>\n\n\n\n<div style=\"height:40px\" aria-hidden=\"true\" class=\"wp-block-spacer\"><\/div>\n<\/div><\/div>\n<\/div><\/div>\n","protected":false},"excerpt":{"rendered":"","protected":false},"author":1,"featured_media":0,"parent":0,"menu_order":0,"comment_status":"closed","ping_status":"closed","template":"","meta":{"_eb_attr":"","_uag_custom_page_level_css":"","neve_meta_sidebar":"default","neve_meta_container":"","neve_meta_enable_content_width":"on","neve_meta_content_width":100,"neve_meta_title_alignment":"","neve_meta_author_avatar":"","neve_post_elements_order":"","neve_meta_disable_header":"","neve_meta_disable_footer":"","neve_meta_disable_title":"on","_themeisle_gutenberg_block_has_review":false,"footnotes":""},"class_list":["post-6590","page","type-page","status-publish","hentry"],"featured_image_src":null,"yoast_head":"<!-- This site is optimized with the Yoast SEO plugin v26.8 - https:\/\/yoast.com\/product\/yoast-seo-wordpress\/ -->\n<title>Kontakt - Anna R\u00f3\u017cnicka | photography<\/title>\n<meta name=\"description\" content=\"Kontakt Sesje fotograficzne realizuj\u0119 obecnie bardzo sporadycznie. W przypadku konkretnych projekt\u00f3w lub propozycji wsp\u00f3\u0142pracyzapraszam do kontaktu. +48\" \/>\n<meta name=\"robots\" content=\"index, follow, max-snippet:-1, max-image-preview:large, max-video-preview:-1\" \/>\n<link rel=\"canonical\" href=\"http:\/\/annaroznicka.com\/blog\/kontakt\/\" \/>\n<meta property=\"og:locale\" content=\"pl_PL\" \/>\n<meta property=\"og:type\" content=\"article\" \/>\n<meta property=\"og:title\" content=\"Kontakt - Anna R\u00f3\u017cnicka | photography\" \/>\n<meta property=\"og:description\" content=\"Kontakt Sesje fotograficzne realizuj\u0119 obecnie bardzo sporadycznie. W przypadku konkretnych projekt\u00f3w lub propozycji wsp\u00f3\u0142pracyzapraszam do kontaktu. +48\" \/>\n<meta property=\"og:url\" content=\"http:\/\/annaroznicka.com\/blog\/kontakt\/\" \/>\n<meta property=\"og:site_name\" content=\"Anna R\u00f3\u017cnicka | photography\" \/>\n<meta property=\"article:publisher\" content=\"https:\/\/www.facebook.com\/AnnaRoznickaPhotography\/\" \/>\n<meta property=\"article:modified_time\" content=\"2026-01-06T15:46:20+00:00\" \/>\n<meta name=\"twitter:label1\" content=\"Szacowany czas czytania\" \/>\n\t<meta name=\"twitter:data1\" content=\"1 minuta\" \/>\n<script type=\"application\/ld+json\" class=\"yoast-schema-graph\">{\"@context\":\"https:\/\/schema.org\",\"@graph\":[{\"@type\":\"WebPage\",\"@id\":\"http:\/\/annaroznicka.com\/blog\/kontakt\/\",\"url\":\"http:\/\/annaroznicka.com\/blog\/kontakt\/\",\"name\":\"Kontakt - Anna R\u00f3\u017cnicka | photography\",\"isPartOf\":{\"@id\":\"https:\/\/annaroznicka.com\/blog\/#website\"},\"datePublished\":\"2010-01-27T07:29:32+00:00\",\"dateModified\":\"2026-01-06T15:46:20+00:00\",\"description\":\"Kontakt Sesje fotograficzne realizuj\u0119 obecnie bardzo sporadycznie. W przypadku konkretnych projekt\u00f3w lub propozycji wsp\u00f3\u0142pracyzapraszam do kontaktu. +48\",\"breadcrumb\":{\"@id\":\"http:\/\/annaroznicka.com\/blog\/kontakt\/#breadcrumb\"},\"inLanguage\":\"pl-PL\",\"potentialAction\":[{\"@type\":\"ReadAction\",\"target\":[\"http:\/\/annaroznicka.com\/blog\/kontakt\/\"]}]},{\"@type\":\"BreadcrumbList\",\"@id\":\"http:\/\/annaroznicka.com\/blog\/kontakt\/#breadcrumb\",\"itemListElement\":[{\"@type\":\"ListItem\",\"position\":1,\"name\":\"Strona g\u0142\u00f3wna\",\"item\":\"https:\/\/annaroznicka.com\/blog\/\"},{\"@type\":\"ListItem\",\"position\":2,\"name\":\"Kontakt\"}]},{\"@type\":\"WebSite\",\"@id\":\"https:\/\/annaroznicka.com\/blog\/#website\",\"url\":\"https:\/\/annaroznicka.com\/blog\/\",\"name\":\"Anna R\u00f3\u017cnicka | photography\",\"description\":\"BLOG ARCHIWALNY\",\"publisher\":{\"@id\":\"https:\/\/annaroznicka.com\/blog\/#\/schema\/person\/8a89af41bcef3cd79a8a4cfb81e6a13d\"},\"potentialAction\":[{\"@type\":\"SearchAction\",\"target\":{\"@type\":\"EntryPoint\",\"urlTemplate\":\"https:\/\/annaroznicka.com\/blog\/?s={search_term_string}\"},\"query-input\":{\"@type\":\"PropertyValueSpecification\",\"valueRequired\":true,\"valueName\":\"search_term_string\"}}],\"inLanguage\":\"pl-PL\"},{\"@type\":[\"Person\",\"Organization\"],\"@id\":\"https:\/\/annaroznicka.com\/blog\/#\/schema\/person\/8a89af41bcef3cd79a8a4cfb81e6a13d\",\"name\":\"Anna R\u00f3\u017cnicka\",\"image\":{\"@type\":\"ImageObject\",\"inLanguage\":\"pl-PL\",\"@id\":\"https:\/\/annaroznicka.com\/blog\/#\/schema\/person\/image\/\",\"url\":\"http:\/\/annaroznicka.com\/blog\/wp-content\/uploads\/2026\/01\/IMG_3345poprawione2.jpg\",\"contentUrl\":\"http:\/\/annaroznicka.com\/blog\/wp-content\/uploads\/2026\/01\/IMG_3345poprawione2.jpg\",\"width\":547,\"height\":547,\"caption\":\"Anna R\u00f3\u017cnicka\"},\"logo\":{\"@id\":\"https:\/\/annaroznicka.com\/blog\/#\/schema\/person\/image\/\"},\"sameAs\":[\"http:\/\/annaroznicka.com\",\"https:\/\/www.facebook.com\/AnnaRoznickaPhotography\/\",\"https:\/\/www.instagram.com\/annaroznicka_photography\/\",\"https:\/\/www.linkedin.com\/in\/anna-roznicka\/\",\"https:\/\/x.com\/AnnaRoznicka\"]}]}<\/script>\n<!-- \/ Yoast SEO plugin. -->","yoast_head_json":{"title":"Kontakt - Anna R\u00f3\u017cnicka | photography","description":"Kontakt Sesje fotograficzne realizuj\u0119 obecnie bardzo sporadycznie. W przypadku konkretnych projekt\u00f3w lub propozycji wsp\u00f3\u0142pracyzapraszam do kontaktu. +48","robots":{"index":"index","follow":"follow","max-snippet":"max-snippet:-1","max-image-preview":"max-image-preview:large","max-video-preview":"max-video-preview:-1"},"canonical":"http:\/\/annaroznicka.com\/blog\/kontakt\/","og_locale":"pl_PL","og_type":"article","og_title":"Kontakt - Anna R\u00f3\u017cnicka | photography","og_description":"Kontakt Sesje fotograficzne realizuj\u0119 obecnie bardzo sporadycznie. W przypadku konkretnych projekt\u00f3w lub propozycji wsp\u00f3\u0142pracyzapraszam do kontaktu. +48","og_url":"http:\/\/annaroznicka.com\/blog\/kontakt\/","og_site_name":"Anna R\u00f3\u017cnicka | photography","article_publisher":"https:\/\/www.facebook.com\/AnnaRoznickaPhotography\/","article_modified_time":"2026-01-06T15:46:20+00:00","twitter_misc":{"Szacowany czas czytania":"1 minuta"},"schema":{"@context":"https:\/\/schema.org","@graph":[{"@type":"WebPage","@id":"http:\/\/annaroznicka.com\/blog\/kontakt\/","url":"http:\/\/annaroznicka.com\/blog\/kontakt\/","name":"Kontakt - Anna R\u00f3\u017cnicka | photography","isPartOf":{"@id":"https:\/\/annaroznicka.com\/blog\/#website"},"datePublished":"2010-01-27T07:29:32+00:00","dateModified":"2026-01-06T15:46:20+00:00","description":"Kontakt Sesje fotograficzne realizuj\u0119 obecnie bardzo sporadycznie. W przypadku konkretnych projekt\u00f3w lub propozycji wsp\u00f3\u0142pracyzapraszam do kontaktu. +48","breadcrumb":{"@id":"http:\/\/annaroznicka.com\/blog\/kontakt\/#breadcrumb"},"inLanguage":"pl-PL","potentialAction":[{"@type":"ReadAction","target":["http:\/\/annaroznicka.com\/blog\/kontakt\/"]}]},{"@type":"BreadcrumbList","@id":"http:\/\/annaroznicka.com\/blog\/kontakt\/#breadcrumb","itemListElement":[{"@type":"ListItem","position":1,"name":"Strona g\u0142\u00f3wna","item":"https:\/\/annaroznicka.com\/blog\/"},{"@type":"ListItem","position":2,"name":"Kontakt"}]},{"@type":"WebSite","@id":"https:\/\/annaroznicka.com\/blog\/#website","url":"https:\/\/annaroznicka.com\/blog\/","name":"Anna R\u00f3\u017cnicka | photography","description":"BLOG ARCHIWALNY","publisher":{"@id":"https:\/\/annaroznicka.com\/blog\/#\/schema\/person\/8a89af41bcef3cd79a8a4cfb81e6a13d"},"potentialAction":[{"@type":"SearchAction","target":{"@type":"EntryPoint","urlTemplate":"https:\/\/annaroznicka.com\/blog\/?s={search_term_string}"},"query-input":{"@type":"PropertyValueSpecification","valueRequired":true,"valueName":"search_term_string"}}],"inLanguage":"pl-PL"},{"@type":["Person","Organization"],"@id":"https:\/\/annaroznicka.com\/blog\/#\/schema\/person\/8a89af41bcef3cd79a8a4cfb81e6a13d","name":"Anna R\u00f3\u017cnicka","image":{"@type":"ImageObject","inLanguage":"pl-PL","@id":"https:\/\/annaroznicka.com\/blog\/#\/schema\/person\/image\/","url":"http:\/\/annaroznicka.com\/blog\/wp-content\/uploads\/2026\/01\/IMG_3345poprawione2.jpg","contentUrl":"http:\/\/annaroznicka.com\/blog\/wp-content\/uploads\/2026\/01\/IMG_3345poprawione2.jpg","width":547,"height":547,"caption":"Anna R\u00f3\u017cnicka"},"logo":{"@id":"https:\/\/annaroznicka.com\/blog\/#\/schema\/person\/image\/"},"sameAs":["http:\/\/annaroznicka.com","https:\/\/www.facebook.com\/AnnaRoznickaPhotography\/","https:\/\/www.instagram.com\/annaroznicka_photography\/","https:\/\/www.linkedin.com\/in\/anna-roznicka\/","https:\/\/x.com\/AnnaRoznicka"]}]}},"uagb_featured_image_src":{"full":false,"thumbnail":false,"medium":false,"medium_large":false,"large":false,"1536x1536":false,"2048x2048":false,"shareaholic-thumbnail":false,"neve-blog":false},"uagb_author_info":{"display_name":"Anna R\u00f3\u017cnicka","author_link":"http:\/\/annaroznicka.com\/blog\/author\/admin\/"},"uagb_comment_info":0,"uagb_excerpt":null,"_links":{"self":[{"href":"http:\/\/annaroznicka.com\/blog\/wp-json\/wp\/v2\/pages\/6590","targetHints":{"allow":["GET"]}}],"collection":[{"href":"http:\/\/annaroznicka.com\/blog\/wp-json\/wp\/v2\/pages"}],"about":[{"href":"http:\/\/annaroznicka.com\/blog\/wp-json\/wp\/v2\/types\/page"}],"author":[{"embeddable":true,"href":"http:\/\/annaroznicka.com\/blog\/wp-json\/wp\/v2\/users\/1"}],"replies":[{"embeddable":true,"href":"http:\/\/annaroznicka.com\/blog\/wp-json\/wp\/v2\/comments?post=6590"}],"version-history":[{"count":11,"href":"http:\/\/annaroznicka.com\/blog\/wp-json\/wp\/v2\/pages\/6590\/revisions"}],"predecessor-version":[{"id":6849,"href":"http:\/\/annaroznicka.com\/blog\/wp-json\/wp\/v2\/pages\/6590\/revisions\/6849"}],"wp:attachment":[{"href":"http:\/\/annaroznicka.com\/blog\/wp-json\/wp\/v2\/media?parent=6590"}],"curies":[{"name":"wp","href":"https:\/\/api.w.org\/{rel}","templated":true}]}}