{"id":6587,"date":"2022-01-23T18:21:00","date_gmt":"2022-01-23T17:21:00","guid":{"rendered":"https:\/\/demosites.io\/web-agency-gb\/?page_id=61"},"modified":"2026-01-06T17:10:21","modified_gmt":"2026-01-06T16:10:21","slug":"o-mnie","status":"publish","type":"page","link":"http:\/\/annaroznicka.com\/blog\/o-mnie\/","title":{"rendered":"O mnie"},"content":{"rendered":"\n<div class=\"wp-block-cover alignfull\" style=\"min-height:600px;aspect-ratio:unset;\"><span aria-hidden=\"true\" class=\"wp-block-cover__background has-nv-site-bg-background-color has-background-dim-100 has-background-dim\"><\/span><div class=\"wp-block-cover__inner-container is-layout-flow wp-block-cover-is-layout-flow\">\n<div class=\"wp-block-group\"><div class=\"wp-block-group__inner-container is-layout-flow wp-block-group-is-layout-flow\">\n<div style=\"height:80px\" aria-hidden=\"true\" class=\"wp-block-spacer\"><\/div>\n\n\n\n<div class=\"wp-block-columns is-layout-flex wp-container-core-columns-is-layout-9d6595d7 wp-block-columns-is-layout-flex\">\n<div class=\"wp-block-column is-layout-flow wp-block-column-is-layout-flow\">\n<p class=\"has-text-align-left has-neve-text-color-color has-text-color\">Z wykszta\u0142cenia jestem plastykiem \u2013 ceramikiem oraz kosmetologiem, a \u015bwiat obrazu i estetyki towarzyszy mi od zawsze. Fotografia pojawi\u0142a si\u0119 w moim \u017cyciu naturalnie i przez wiele lat by\u0142a moj\u0105 codzienno\u015bci\u0105, prac\u0105 i pasj\u0105. Uwiecznia\u0142am dzieci, rodziny i \u015bluby, \u0142api\u0105c emocje, drobne gesty i momenty, kt\u00f3re szybko mijaj\u0105, a zostaj\u0105 we wspomnieniach na ca\u0142e \u017cycie. Pracowa\u0142am r\u00f3wnie\u017c w studiu fotografii reklamowej, gdzie obraz zyska\u0142 dla mnie dodatkowy wymiar: sp\u00f3jno\u015b\u0107, narracj\u0119 i \u015bwiadome budowanie przekazu.<br><br>Z czasem moje dzia\u0142ania zawodowe naturalnie rozszerzy\u0142y si\u0119 o kolejne sposoby opowiadania historii w przestrzeni cyfrowej. Doszed\u0142 monta\u017c oraz kr\u00f3tkie formy wideo znane z social medi\u00f3w. Wci\u0105\u017c my\u015bl\u0105c kadrem, \u015bwiat\u0142em i rytmem, wesz\u0142am w obszar marketingu i reklamy: planowanie komunikacji, budowanie marek, prac\u0119 z odbiorc\u0105, produktem i celem. Obraz przesta\u0142 by\u0107 tylko estetyk\u0105 \u2013 sta\u0142 si\u0119 narz\u0119dziem, kt\u00f3re realnie wspiera sprzeda\u017c, wizerunek i decyzje zakupowe. Fundament jednak pozosta\u0142 ten sam i niezale\u017cnie od medium, wci\u0105\u017c najwa\u017cniejsze s\u0105 dla mnie opowie\u015b\u0107 i autentyczno\u015b\u0107.<br><br>Cho\u0107 pisz\u0119 dzi\u015b tre\u015bci, kt\u00f3re pozwalaj\u0105 markom zaistnie\u0107 w sieci, nie znajdziecie tutaj d\u0142ugich, kwiecistych opis\u00f3w. Zobaczycie to, co widz\u0105 moje oczy i serce \u2013 to, od czego wszystko si\u0119 zacz\u0119\u0142o&#8230;<\/p>\n<\/div>\n\n\n\n<div class=\"wp-block-column is-vertically-aligned-center is-layout-flow wp-block-column-is-layout-flow\">\n<div class=\"wp-block-uagb-image aligncenter uagb-block-f60a96ec wp-block-uagb-image--layout-default wp-block-uagb-image--effect-static wp-block-uagb-image--align-center is-style-default\"><figure class=\"wp-block-uagb-image__figure\"><img decoding=\"async\" srcset=\"http:\/\/annaroznicka.com\/blog\/wp-content\/uploads\/2026\/01\/IMG_3345poprawione2-300x300.jpg ,http:\/\/annaroznicka.com\/blog\/wp-content\/uploads\/2026\/01\/IMG_3345poprawione2.jpg 780w, http:\/\/annaroznicka.com\/blog\/wp-content\/uploads\/2026\/01\/IMG_3345poprawione2.jpg 360w\" sizes=\"auto, (max-width: 480px) 150px\" src=\"http:\/\/annaroznicka.com\/blog\/wp-content\/uploads\/2026\/01\/IMG_3345poprawione2-300x300.jpg\" alt=\"\" class=\"uag-image-6792\" width=\"390\" height=\"390\" title=\"Anna R\u00f3\u017cnicka\" loading=\"lazy\" role=\"img\"\/><\/figure><\/div>\n\n\n\n<div style=\"height:54px\" aria-hidden=\"true\" class=\"wp-block-spacer\"><\/div>\n\n\n\n<h3 class=\"wp-block-heading has-text-align-center has-nv-dark-bg-color has-text-color has-link-color wp-elements-5f73751653c3d114585a125d8704e1aa\">Anna R\u00f3\u017cnicka<\/h3>\n\n\n\n<div class=\"wp-block-essential-blocks-social  root-eb-social-links-06cv4\"><div class=\"eb-parent-wrapper eb-parent-eb-social-links-06cv4 eb_animation eb___animated eb___slideInUp\"><div class=\"eb-social-links-06cv4 eb-social-links-wrapper\"><ul class=\"eb-socials\"><li><a class=\"envelope-original hvr-pulse\" href=\"mailto:info@annaroznicka.com\" target=\"_self\" rel=\"noopener\" aria-label=\"social link\"><i class=\"fas fa-envelope hvr-icon eb-social-icon\" icon=\"fas fa-envelope\"><\/i><\/a><\/li><li><a class=\"phone-original hvr-pulse\" href=\"tel:+48602759792\" target=\"_self\" rel=\"noopener\" aria-label=\"social link\"><i class=\"fas fa-phone hvr-icon eb-social-icon\" icon=\"fas fa-phone\"><\/i><\/a><\/li><li><a class=\"linkedin-in-original hvr-pulse\" href=\"https:\/\/www.linkedin.com\/in\/anna-roznicka\/\" target=\"_blank\" rel=\"noopener\" aria-label=\"social link\"><i class=\"fab fa-linkedin-in hvr-icon eb-social-icon\" icon=\"fab fa-linkedin-in\"><\/i><\/a><\/li><li><a class=\"facebook-f-original hvr-pulse\" href=\"https:\/\/www.facebook.com\/AnnaRoznickaPhotography\/\" target=\"_blank\" rel=\"noopener\" aria-label=\"social link\"><i class=\"fab fa-facebook-f hvr-icon eb-social-icon\" icon=\"fab fa-facebook-f\"><\/i><\/a><\/li><li><a class=\"instagram-original hvr-pulse\" href=\"https:\/\/www.instagram.com\/annaroznicka_photography\/\" target=\"_blank\" rel=\"noopener\" aria-label=\"social link\"><i class=\"fab fa-instagram hvr-icon eb-social-icon\" icon=\"fab fa-instagram\"><\/i><\/a><\/li><\/ul><\/div><\/div><\/div>\n\n\n\n<div style=\"height:55px\" aria-hidden=\"true\" class=\"wp-block-spacer\"><\/div>\n<\/div>\n<\/div>\n\n\n\n<div style=\"height:40px\" aria-hidden=\"true\" class=\"wp-block-spacer\"><\/div>\n<\/div><\/div>\n<\/div><\/div>\n\n\n\n<p><\/p>\n","protected":false},"excerpt":{"rendered":"","protected":false},"author":1,"featured_media":0,"parent":0,"menu_order":0,"comment_status":"closed","ping_status":"closed","template":"","meta":{"_eb_attr":"","_uag_custom_page_level_css":"","neve_meta_sidebar":"default","neve_meta_container":"default","neve_meta_enable_content_width":"on","neve_meta_content_width":100,"neve_meta_title_alignment":"","neve_meta_author_avatar":"","neve_post_elements_order":"","neve_meta_disable_header":"","neve_meta_disable_footer":"","neve_meta_disable_title":"on","_themeisle_gutenberg_block_has_review":false,"footnotes":""},"class_list":["post-6587","page","type-page","status-publish","hentry"],"featured_image_src":null,"yoast_head":"<!-- This site is optimized with the Yoast SEO plugin v26.8 - https:\/\/yoast.com\/product\/yoast-seo-wordpress\/ -->\n<title>O mnie - Anna R\u00f3\u017cnicka | photography<\/title>\n<meta name=\"description\" content=\"Z wykszta\u0142cenia jestem plastykiem \u2013 ceramikiem oraz kosmetologiem, a \u015bwiat obrazu i estetyki towarzyszy mi od zawsze. Fotografia pojawi\u0142a si\u0119 w moim \u017cyciu\" \/>\n<meta name=\"robots\" content=\"index, follow, max-snippet:-1, max-image-preview:large, max-video-preview:-1\" \/>\n<link rel=\"canonical\" href=\"http:\/\/annaroznicka.com\/blog\/o-mnie\/\" \/>\n<meta property=\"og:locale\" content=\"pl_PL\" \/>\n<meta property=\"og:type\" content=\"article\" \/>\n<meta property=\"og:title\" content=\"O mnie - Anna R\u00f3\u017cnicka | photography\" \/>\n<meta property=\"og:description\" content=\"Z wykszta\u0142cenia jestem plastykiem \u2013 ceramikiem oraz kosmetologiem, a \u015bwiat obrazu i estetyki towarzyszy mi od zawsze. Fotografia pojawi\u0142a si\u0119 w moim \u017cyciu\" \/>\n<meta property=\"og:url\" content=\"http:\/\/annaroznicka.com\/blog\/o-mnie\/\" \/>\n<meta property=\"og:site_name\" content=\"Anna R\u00f3\u017cnicka | photography\" \/>\n<meta property=\"article:publisher\" content=\"https:\/\/www.facebook.com\/AnnaRoznickaPhotography\/\" \/>\n<meta property=\"article:modified_time\" content=\"2026-01-06T16:10:21+00:00\" \/>\n<meta property=\"og:image\" content=\"http:\/\/annaroznicka.com\/blog\/wp-content\/uploads\/2026\/01\/IMG_3345poprawione2-300x300.jpg\" \/>\n<meta name=\"twitter:label1\" content=\"Szacowany czas czytania\" \/>\n\t<meta name=\"twitter:data1\" content=\"2 minuty\" \/>\n<script type=\"application\/ld+json\" class=\"yoast-schema-graph\">{\"@context\":\"https:\/\/schema.org\",\"@graph\":[{\"@type\":\"WebPage\",\"@id\":\"http:\/\/annaroznicka.com\/blog\/o-mnie\/\",\"url\":\"http:\/\/annaroznicka.com\/blog\/o-mnie\/\",\"name\":\"O mnie - Anna R\u00f3\u017cnicka | photography\",\"isPartOf\":{\"@id\":\"https:\/\/annaroznicka.com\/blog\/#website\"},\"primaryImageOfPage\":{\"@id\":\"http:\/\/annaroznicka.com\/blog\/o-mnie\/#primaryimage\"},\"image\":{\"@id\":\"http:\/\/annaroznicka.com\/blog\/o-mnie\/#primaryimage\"},\"thumbnailUrl\":\"http:\/\/annaroznicka.com\/blog\/wp-content\/uploads\/2026\/01\/IMG_3345poprawione2-300x300.jpg\",\"datePublished\":\"2022-01-23T17:21:00+00:00\",\"dateModified\":\"2026-01-06T16:10:21+00:00\",\"description\":\"Z wykszta\u0142cenia jestem plastykiem \u2013 ceramikiem oraz kosmetologiem, a \u015bwiat obrazu i estetyki towarzyszy mi od zawsze. Fotografia pojawi\u0142a si\u0119 w moim \u017cyciu\",\"breadcrumb\":{\"@id\":\"http:\/\/annaroznicka.com\/blog\/o-mnie\/#breadcrumb\"},\"inLanguage\":\"pl-PL\",\"potentialAction\":[{\"@type\":\"ReadAction\",\"target\":[\"http:\/\/annaroznicka.com\/blog\/o-mnie\/\"]}]},{\"@type\":\"ImageObject\",\"inLanguage\":\"pl-PL\",\"@id\":\"http:\/\/annaroznicka.com\/blog\/o-mnie\/#primaryimage\",\"url\":\"http:\/\/annaroznicka.com\/blog\/wp-content\/uploads\/2026\/01\/IMG_3345poprawione2.jpg\",\"contentUrl\":\"http:\/\/annaroznicka.com\/blog\/wp-content\/uploads\/2026\/01\/IMG_3345poprawione2.jpg\",\"width\":547,\"height\":547,\"caption\":\"Screenshot\"},{\"@type\":\"BreadcrumbList\",\"@id\":\"http:\/\/annaroznicka.com\/blog\/o-mnie\/#breadcrumb\",\"itemListElement\":[{\"@type\":\"ListItem\",\"position\":1,\"name\":\"Strona g\u0142\u00f3wna\",\"item\":\"https:\/\/annaroznicka.com\/blog\/\"},{\"@type\":\"ListItem\",\"position\":2,\"name\":\"O mnie\"}]},{\"@type\":\"WebSite\",\"@id\":\"https:\/\/annaroznicka.com\/blog\/#website\",\"url\":\"https:\/\/annaroznicka.com\/blog\/\",\"name\":\"Anna R\u00f3\u017cnicka | photography\",\"description\":\"BLOG ARCHIWALNY\",\"publisher\":{\"@id\":\"https:\/\/annaroznicka.com\/blog\/#\/schema\/person\/8a89af41bcef3cd79a8a4cfb81e6a13d\"},\"potentialAction\":[{\"@type\":\"SearchAction\",\"target\":{\"@type\":\"EntryPoint\",\"urlTemplate\":\"https:\/\/annaroznicka.com\/blog\/?s={search_term_string}\"},\"query-input\":{\"@type\":\"PropertyValueSpecification\",\"valueRequired\":true,\"valueName\":\"search_term_string\"}}],\"inLanguage\":\"pl-PL\"},{\"@type\":[\"Person\",\"Organization\"],\"@id\":\"https:\/\/annaroznicka.com\/blog\/#\/schema\/person\/8a89af41bcef3cd79a8a4cfb81e6a13d\",\"name\":\"Anna R\u00f3\u017cnicka\",\"image\":{\"@type\":\"ImageObject\",\"inLanguage\":\"pl-PL\",\"@id\":\"https:\/\/annaroznicka.com\/blog\/#\/schema\/person\/image\/\",\"url\":\"http:\/\/annaroznicka.com\/blog\/wp-content\/uploads\/2026\/01\/IMG_3345poprawione2.jpg\",\"contentUrl\":\"http:\/\/annaroznicka.com\/blog\/wp-content\/uploads\/2026\/01\/IMG_3345poprawione2.jpg\",\"width\":547,\"height\":547,\"caption\":\"Anna R\u00f3\u017cnicka\"},\"logo\":{\"@id\":\"https:\/\/annaroznicka.com\/blog\/#\/schema\/person\/image\/\"},\"sameAs\":[\"http:\/\/annaroznicka.com\",\"https:\/\/www.facebook.com\/AnnaRoznickaPhotography\/\",\"https:\/\/www.instagram.com\/annaroznicka_photography\/\",\"https:\/\/www.linkedin.com\/in\/anna-roznicka\/\",\"https:\/\/x.com\/AnnaRoznicka\"]}]}<\/script>\n<!-- \/ Yoast SEO plugin. -->","yoast_head_json":{"title":"O mnie - Anna R\u00f3\u017cnicka | photography","description":"Z wykszta\u0142cenia jestem plastykiem \u2013 ceramikiem oraz kosmetologiem, a \u015bwiat obrazu i estetyki towarzyszy mi od zawsze. Fotografia pojawi\u0142a si\u0119 w moim \u017cyciu","robots":{"index":"index","follow":"follow","max-snippet":"max-snippet:-1","max-image-preview":"max-image-preview:large","max-video-preview":"max-video-preview:-1"},"canonical":"http:\/\/annaroznicka.com\/blog\/o-mnie\/","og_locale":"pl_PL","og_type":"article","og_title":"O mnie - Anna R\u00f3\u017cnicka | photography","og_description":"Z wykszta\u0142cenia jestem plastykiem \u2013 ceramikiem oraz kosmetologiem, a \u015bwiat obrazu i estetyki towarzyszy mi od zawsze. Fotografia pojawi\u0142a si\u0119 w moim \u017cyciu","og_url":"http:\/\/annaroznicka.com\/blog\/o-mnie\/","og_site_name":"Anna R\u00f3\u017cnicka | photography","article_publisher":"https:\/\/www.facebook.com\/AnnaRoznickaPhotography\/","article_modified_time":"2026-01-06T16:10:21+00:00","og_image":[{"url":"http:\/\/annaroznicka.com\/blog\/wp-content\/uploads\/2026\/01\/IMG_3345poprawione2-300x300.jpg","type":"","width":"","height":""}],"twitter_misc":{"Szacowany czas czytania":"2 minuty"},"schema":{"@context":"https:\/\/schema.org","@graph":[{"@type":"WebPage","@id":"http:\/\/annaroznicka.com\/blog\/o-mnie\/","url":"http:\/\/annaroznicka.com\/blog\/o-mnie\/","name":"O mnie - Anna R\u00f3\u017cnicka | photography","isPartOf":{"@id":"https:\/\/annaroznicka.com\/blog\/#website"},"primaryImageOfPage":{"@id":"http:\/\/annaroznicka.com\/blog\/o-mnie\/#primaryimage"},"image":{"@id":"http:\/\/annaroznicka.com\/blog\/o-mnie\/#primaryimage"},"thumbnailUrl":"http:\/\/annaroznicka.com\/blog\/wp-content\/uploads\/2026\/01\/IMG_3345poprawione2-300x300.jpg","datePublished":"2022-01-23T17:21:00+00:00","dateModified":"2026-01-06T16:10:21+00:00","description":"Z wykszta\u0142cenia jestem plastykiem \u2013 ceramikiem oraz kosmetologiem, a \u015bwiat obrazu i estetyki towarzyszy mi od zawsze. Fotografia pojawi\u0142a si\u0119 w moim \u017cyciu","breadcrumb":{"@id":"http:\/\/annaroznicka.com\/blog\/o-mnie\/#breadcrumb"},"inLanguage":"pl-PL","potentialAction":[{"@type":"ReadAction","target":["http:\/\/annaroznicka.com\/blog\/o-mnie\/"]}]},{"@type":"ImageObject","inLanguage":"pl-PL","@id":"http:\/\/annaroznicka.com\/blog\/o-mnie\/#primaryimage","url":"http:\/\/annaroznicka.com\/blog\/wp-content\/uploads\/2026\/01\/IMG_3345poprawione2.jpg","contentUrl":"http:\/\/annaroznicka.com\/blog\/wp-content\/uploads\/2026\/01\/IMG_3345poprawione2.jpg","width":547,"height":547,"caption":"Screenshot"},{"@type":"BreadcrumbList","@id":"http:\/\/annaroznicka.com\/blog\/o-mnie\/#breadcrumb","itemListElement":[{"@type":"ListItem","position":1,"name":"Strona g\u0142\u00f3wna","item":"https:\/\/annaroznicka.com\/blog\/"},{"@type":"ListItem","position":2,"name":"O mnie"}]},{"@type":"WebSite","@id":"https:\/\/annaroznicka.com\/blog\/#website","url":"https:\/\/annaroznicka.com\/blog\/","name":"Anna R\u00f3\u017cnicka | photography","description":"BLOG ARCHIWALNY","publisher":{"@id":"https:\/\/annaroznicka.com\/blog\/#\/schema\/person\/8a89af41bcef3cd79a8a4cfb81e6a13d"},"potentialAction":[{"@type":"SearchAction","target":{"@type":"EntryPoint","urlTemplate":"https:\/\/annaroznicka.com\/blog\/?s={search_term_string}"},"query-input":{"@type":"PropertyValueSpecification","valueRequired":true,"valueName":"search_term_string"}}],"inLanguage":"pl-PL"},{"@type":["Person","Organization"],"@id":"https:\/\/annaroznicka.com\/blog\/#\/schema\/person\/8a89af41bcef3cd79a8a4cfb81e6a13d","name":"Anna R\u00f3\u017cnicka","image":{"@type":"ImageObject","inLanguage":"pl-PL","@id":"https:\/\/annaroznicka.com\/blog\/#\/schema\/person\/image\/","url":"http:\/\/annaroznicka.com\/blog\/wp-content\/uploads\/2026\/01\/IMG_3345poprawione2.jpg","contentUrl":"http:\/\/annaroznicka.com\/blog\/wp-content\/uploads\/2026\/01\/IMG_3345poprawione2.jpg","width":547,"height":547,"caption":"Anna R\u00f3\u017cnicka"},"logo":{"@id":"https:\/\/annaroznicka.com\/blog\/#\/schema\/person\/image\/"},"sameAs":["http:\/\/annaroznicka.com","https:\/\/www.facebook.com\/AnnaRoznickaPhotography\/","https:\/\/www.instagram.com\/annaroznicka_photography\/","https:\/\/www.linkedin.com\/in\/anna-roznicka\/","https:\/\/x.com\/AnnaRoznicka"]}]}},"uagb_featured_image_src":{"full":false,"thumbnail":false,"medium":false,"medium_large":false,"large":false,"1536x1536":false,"2048x2048":false,"shareaholic-thumbnail":false,"neve-blog":false},"uagb_author_info":{"display_name":"Anna R\u00f3\u017cnicka","author_link":"http:\/\/annaroznicka.com\/blog\/author\/admin\/"},"uagb_comment_info":0,"uagb_excerpt":null,"_links":{"self":[{"href":"http:\/\/annaroznicka.com\/blog\/wp-json\/wp\/v2\/pages\/6587","targetHints":{"allow":["GET"]}}],"collection":[{"href":"http:\/\/annaroznicka.com\/blog\/wp-json\/wp\/v2\/pages"}],"about":[{"href":"http:\/\/annaroznicka.com\/blog\/wp-json\/wp\/v2\/types\/page"}],"author":[{"embeddable":true,"href":"http:\/\/annaroznicka.com\/blog\/wp-json\/wp\/v2\/users\/1"}],"replies":[{"embeddable":true,"href":"http:\/\/annaroznicka.com\/blog\/wp-json\/wp\/v2\/comments?post=6587"}],"version-history":[{"count":21,"href":"http:\/\/annaroznicka.com\/blog\/wp-json\/wp\/v2\/pages\/6587\/revisions"}],"predecessor-version":[{"id":6870,"href":"http:\/\/annaroznicka.com\/blog\/wp-json\/wp\/v2\/pages\/6587\/revisions\/6870"}],"wp:attachment":[{"href":"http:\/\/annaroznicka.com\/blog\/wp-json\/wp\/v2\/media?parent=6587"}],"curies":[{"name":"wp","href":"https:\/\/api.w.org\/{rel}","templated":true}]}}