{"id":5343,"date":"2013-03-25T19:53:37","date_gmt":"2013-03-25T18:53:37","guid":{"rendered":"http:\/\/annaroznicka.com\/blog\/?page_id=5343"},"modified":"2017-05-06T19:20:43","modified_gmt":"2017-05-06T18:20:43","slug":"polityka-cookies","status":"publish","type":"page","link":"http:\/\/annaroznicka.com\/blog\/polityka-cookies\/","title":{"rendered":"Polityka cookies"},"content":{"rendered":"<p>Polityka Prywatno\u015bci | Cookies<\/p>\n<p><strong>1.<\/strong> Serwis nie zbiera w spos\u00f3b automatyczny \u017cadnych informacji, z wyj\u0105tkiem informacji zawartych w plikach cookies.<\/p>\n<p><strong>2<\/strong>. Pliki cookies (tzw. \u201eciasteczka\u201d) stanowi\u0105 dane informatyczne, w szczeg\u00f3lno\u015bci pliki tekstowe, kt\u00f3re przechowywane s\u0105 w urz\u0105dzeniu ko\u0144cowym U\u017cytkownika Serwisu i przeznaczone s\u0105 do korzystania ze stron internetowych Serwisu. Cookies zazwyczaj zawieraj\u0105 nazw\u0119 strony internetowej, z kt\u00f3rej pochodz\u0105, czas przechowywania ich na urz\u0105dzeniu ko\u0144cowym oraz unikalny numer.<\/p>\n<p><strong>3.<\/strong> Podmiotem zamieszczaj\u0105cym na urz\u0105dzeniu ko\u0144cowym U\u017cytkownika Serwisu pliki cookies oraz uzyskuj\u0105cym do nich dost\u0119p jest operator Serwisu Anna R\u00f3\u017cnicka Photography z siedzib\u0105 pod adresem: ul.Sportowa 8\/16 05-840 Brwin\u00f3w<\/p>\n<p><strong>4.<\/strong> Pliki cookies wykorzystywane s\u0105 w celu:<\/p>\n<p>a) dostosowania zawarto\u015bci stron internetowych Serwisu do preferencji U\u017cytkownika oraz optymalizacji korzystania ze stron internetowych; w szczeg\u00f3lno\u015bci pliki te pozwalaj\u0105 rozpozna\u0107 urz\u0105dzenie U\u017cytkownika Serwisu i odpowiednio wy\u015bwietli\u0107 stron\u0119 internetow\u0105, dostosowan\u0105 do jego indywidualnych potrzeb;<\/p>\n<p>b) tworzenia statystyk, kt\u00f3re pomagaj\u0105 zrozumie\u0107, w jaki spos\u00f3b U\u017cytkownicy Serwisu korzystaj\u0105 ze stron internetowych, co umo\u017cliwia ulepszanie ich struktury i zawarto\u015bci;<\/p>\n<p>c) utrzymanie sesji U\u017cytkownika Serwisu (po zalogowaniu), dzi\u0119ki kt\u00f3rej U\u017cytkownik nie musi na ka\u017cdej podstronie Serwisu ponownie wpisywa\u0107 loginu i has\u0142a;<\/p>\n<p><strong>5.<\/strong> W ramach Serwisu stosowane s\u0105 dwa zasadnicze rodzaje plik\u00f3w cookies: \u201esesyjne\u201d (session cookies) oraz \u201esta\u0142e\u201d (persistent cookies). Cookies \u201esesyjne\u201d s\u0105 plikami tymczasowymi, kt\u00f3re przechowywane s\u0105 w urz\u0105dzeniu ko\u0144cowym U\u017cytkownika do czasu wylogowania, opuszczenia strony internetowej lub wy\u0142\u0105czenia oprogramowania (przegl\u0105darki internetowej). \u201eSta\u0142e\u201d pliki cookies przechowywane s\u0105 w urz\u0105dzeniu ko\u0144cowym U\u017cytkownika przez czas okre\u015blony w parametrach plik\u00f3w cookies lub do czasu ich usuni\u0119cia przez U\u017cytkownika.<\/p>\n<p><strong>6.<\/strong> W ramach Serwisu stosowane s\u0105 nast\u0119puj\u0105ce rodzaje plik\u00f3w cookies:<\/p>\n<p>a) \u201eniezb\u0119dne\u201d pliki cookies, umo\u017cliwiaj\u0105ce korzystanie z us\u0142ug dost\u0119pnych w ramach Serwisu, np. uwierzytelniaj\u0105ce pliki cookies wykorzystywane do us\u0142ug wymagaj\u0105cych uwierzytelniania w ramach Serwisu;<\/p>\n<p>b) pliki cookies s\u0142u\u017c\u0105ce do zapewnienia bezpiecze\u0144stwa, np. wykorzystywane do wykrywania nadu\u017cy\u0107 w zakresie uwierzytelniania w ramach Serwisu;<\/p>\n<p>c) \u201ewydajno\u015bciowe\u201d pliki cookies, umo\u017cliwiaj\u0105ce zbieranie informacji o sposobie korzystania ze stron internetowych Serwisu;<\/p>\n<p>d) \u201efunkcjonalne\u201d pliki cookies, umo\u017cliwiaj\u0105ce \u201ezapami\u0119tanie\u201d wybranych przez U\u017cytkownika ustawie\u0144 i personalizacj\u0119 interfejsu U\u017cytkownika, np. w zakresie wybranego j\u0119zyka lub regionu, z kt\u00f3rego pochodzi U\u017cytkownik, rozmiaru czcionki, wygl\u0105du strony internetowej itp.;<\/p>\n<p>e) \u201ereklamowe\u201d pliki cookies, umo\u017cliwiaj\u0105ce dostarczanie U\u017cytkownikom tre\u015bci reklamowych bardziej dostosowanych do ich zainteresowa\u0144.<\/p>\n<p><strong>7.<\/strong> W wielu przypadkach oprogramowanie s\u0142u\u017c\u0105ce do przegl\u0105dania stron internetowych (przegl\u0105darka internetowa) domy\u015blnie dopuszcza przechowywanie plik\u00f3w cookies w urz\u0105dzeniu ko\u0144cowym U\u017cytkownika. U\u017cytkownicy Serwisu mog\u0105 dokona\u0107 w ka\u017cdym czasie zmiany ustawie\u0144 dotycz\u0105cych plik\u00f3w cookies. Ustawienia te mog\u0105 zosta\u0107 zmienione w szczeg\u00f3lno\u015bci w taki spos\u00f3b, aby blokowa\u0107 automatyczn\u0105 obs\u0142ug\u0119 plik\u00f3w cookies w ustawieniach przegl\u0105darki internetowej b\u0105d\u017a informowa\u0107 o ich ka\u017cdorazowym zamieszczeniu w urz\u0105dzeniu U\u017cytkownika Serwisu. Szczeg\u00f3\u0142owe informacje o mo\u017cliwo\u015bci i sposobach obs\u0142ugi plik\u00f3w cookies dost\u0119pne s\u0105 w ustawieniach oprogramowania (przegl\u0105darki internetowej).<\/p>\n<p><strong>8.<\/strong> Operator Serwisu informuje, \u017ce ograniczenia stosowania plik\u00f3w cookies mog\u0105 wp\u0142yn\u0105\u0107 na niekt\u00f3re funkcjonalno\u015bci dost\u0119pne na stronach internetowych Serwisu.<\/p>\n<p><strong>9.<\/strong> Pliki cookies zamieszczane w urz\u0105dzeniu ko\u0144cowym U\u017cytkownika Serwisu i wykorzystywane mog\u0105 by\u0107 r\u00f3wnie\u017c przez wsp\u00f3\u0142pracuj\u0105cych z operatorem Serwisu reklamodawc\u00f3w oraz partner\u00f3w.<\/p>\n<p><strong>10.<\/strong> Wi\u0119cej informacji na temat plik\u00f3w cookies dost\u0119pnych jest pod adresem http:\/\/wszystkoociasteczkach.pl\/ lub w sekcji \u201ePomoc\u201d w menu przegl\u0105darki internetowej.<\/p>\n<p>Tre\u015b\u0107 pochodzi ze strony http:\/\/wszystkoociasteczkach.pl\/<\/p>\n<p>Znajdziecie tam r\u00f3wnie\u017c odpowied\u017a na pytania takie jak:<br \/>\n&#8211; Czym s\u0105 cookies (ciasteczka)?<br \/>\n&#8211; Co powinni\u015bmy wiedzie\u0107 o \u201ecookies\u201d?<br \/>\n&#8211; Jakie s\u0105 podstawowe rodzaje ciasteczek ?<br \/>\n&#8211; Jak nimi zarz\u0105dza\u0107 ?<\/p>\n","protected":false},"excerpt":{"rendered":"<p>Polityka Prywatno\u015bci | Cookies 1. Serwis nie zbiera w spos\u00f3b automatyczny \u017cadnych informacji, z wyj\u0105tkiem informacji zawartych w plikach cookies. 2. Pliki cookies (tzw. \u201eciasteczka\u201d) stanowi\u0105 dane informatyczne, w szczeg\u00f3lno\u015bci pliki tekstowe, kt\u00f3re przechowywane s\u0105 w urz\u0105dzeniu ko\u0144cowym U\u017cytkownika Serwisu i przeznaczone s\u0105 do korzystania ze stron internetowych Serwisu. Cookies zazwyczaj zawieraj\u0105 nazw\u0119 strony internetowej,&hellip;&nbsp;<a href=\"http:\/\/annaroznicka.com\/blog\/polityka-cookies\/\" rel=\"bookmark\"><span class=\"screen-reader-text\">Polityka cookies<\/span><\/a><\/p>\n","protected":false},"author":1,"featured_media":0,"parent":0,"menu_order":0,"comment_status":"open","ping_status":"open","template":"","meta":{"_eb_attr":"","_uag_custom_page_level_css":"","neve_meta_sidebar":"","neve_meta_container":"","neve_meta_enable_content_width":"","neve_meta_content_width":0,"neve_meta_title_alignment":"","neve_meta_author_avatar":"","neve_post_elements_order":"","neve_meta_disable_header":"","neve_meta_disable_footer":"","neve_meta_disable_title":"","_themeisle_gutenberg_block_has_review":false,"footnotes":""},"class_list":["post-5343","page","type-page","status-publish","hentry"],"featured_image_src":null,"yoast_head":"<!-- This site is optimized with the Yoast SEO plugin v26.8 - https:\/\/yoast.com\/product\/yoast-seo-wordpress\/ -->\n<title>Polityka cookies - Anna R\u00f3\u017cnicka | photography<\/title>\n<meta name=\"description\" content=\"Polityka Prywatno\u015bci | Cookies 1. Serwis nie zbiera w spos\u00f3b automatyczny \u017cadnych informacji, z wyj\u0105tkiem informacji zawartych w plikach cookies. 2. Pliki\" \/>\n<meta name=\"robots\" content=\"noindex, nofollow\" \/>\n<meta property=\"og:locale\" content=\"pl_PL\" \/>\n<meta property=\"og:type\" content=\"article\" \/>\n<meta property=\"og:title\" content=\"Polityka cookies - Anna R\u00f3\u017cnicka | photography\" \/>\n<meta property=\"og:description\" content=\"Polityka Prywatno\u015bci | Cookies 1. Serwis nie zbiera w spos\u00f3b automatyczny \u017cadnych informacji, z wyj\u0105tkiem informacji zawartych w plikach cookies. 2. Pliki\" \/>\n<meta property=\"og:url\" content=\"http:\/\/annaroznicka.com\/blog\/polityka-cookies\/\" \/>\n<meta property=\"og:site_name\" content=\"Anna R\u00f3\u017cnicka | photography\" \/>\n<meta property=\"article:publisher\" content=\"https:\/\/www.facebook.com\/AnnaRoznickaPhotography\/\" \/>\n<meta property=\"article:modified_time\" content=\"2017-05-06T18:20:43+00:00\" \/>\n<meta name=\"twitter:label1\" content=\"Szacowany czas czytania\" \/>\n\t<meta name=\"twitter:data1\" content=\"3 minuty\" \/>\n<script type=\"application\/ld+json\" class=\"yoast-schema-graph\">{\"@context\":\"https:\/\/schema.org\",\"@graph\":[{\"@type\":\"WebPage\",\"@id\":\"http:\/\/annaroznicka.com\/blog\/polityka-cookies\/\",\"url\":\"http:\/\/annaroznicka.com\/blog\/polityka-cookies\/\",\"name\":\"Polityka cookies - Anna R\u00f3\u017cnicka | photography\",\"isPartOf\":{\"@id\":\"http:\/\/annaroznicka.com\/blog\/#website\"},\"datePublished\":\"2013-03-25T18:53:37+00:00\",\"dateModified\":\"2017-05-06T18:20:43+00:00\",\"description\":\"Polityka Prywatno\u015bci | Cookies 1. Serwis nie zbiera w spos\u00f3b automatyczny \u017cadnych informacji, z wyj\u0105tkiem informacji zawartych w plikach cookies. 2. Pliki\",\"breadcrumb\":{\"@id\":\"http:\/\/annaroznicka.com\/blog\/polityka-cookies\/#breadcrumb\"},\"inLanguage\":\"pl-PL\",\"potentialAction\":[{\"@type\":\"ReadAction\",\"target\":[\"http:\/\/annaroznicka.com\/blog\/polityka-cookies\/\"]}]},{\"@type\":\"BreadcrumbList\",\"@id\":\"http:\/\/annaroznicka.com\/blog\/polityka-cookies\/#breadcrumb\",\"itemListElement\":[{\"@type\":\"ListItem\",\"position\":1,\"name\":\"Strona g\u0142\u00f3wna\",\"item\":\"http:\/\/annaroznicka.com\/blog\/\"},{\"@type\":\"ListItem\",\"position\":2,\"name\":\"Polityka cookies\"}]},{\"@type\":\"WebSite\",\"@id\":\"http:\/\/annaroznicka.com\/blog\/#website\",\"url\":\"http:\/\/annaroznicka.com\/blog\/\",\"name\":\"Anna R\u00f3\u017cnicka | photography\",\"description\":\"BLOG ARCHIWALNY\",\"publisher\":{\"@id\":\"http:\/\/annaroznicka.com\/blog\/#\/schema\/person\/8a89af41bcef3cd79a8a4cfb81e6a13d\"},\"potentialAction\":[{\"@type\":\"SearchAction\",\"target\":{\"@type\":\"EntryPoint\",\"urlTemplate\":\"http:\/\/annaroznicka.com\/blog\/?s={search_term_string}\"},\"query-input\":{\"@type\":\"PropertyValueSpecification\",\"valueRequired\":true,\"valueName\":\"search_term_string\"}}],\"inLanguage\":\"pl-PL\"},{\"@type\":[\"Person\",\"Organization\"],\"@id\":\"http:\/\/annaroznicka.com\/blog\/#\/schema\/person\/8a89af41bcef3cd79a8a4cfb81e6a13d\",\"name\":\"Anna R\u00f3\u017cnicka\",\"image\":{\"@type\":\"ImageObject\",\"inLanguage\":\"pl-PL\",\"@id\":\"http:\/\/annaroznicka.com\/blog\/#\/schema\/person\/image\/\",\"url\":\"http:\/\/annaroznicka.com\/blog\/wp-content\/uploads\/2026\/01\/IMG_3345poprawione2.jpg\",\"contentUrl\":\"http:\/\/annaroznicka.com\/blog\/wp-content\/uploads\/2026\/01\/IMG_3345poprawione2.jpg\",\"width\":547,\"height\":547,\"caption\":\"Anna R\u00f3\u017cnicka\"},\"logo\":{\"@id\":\"http:\/\/annaroznicka.com\/blog\/#\/schema\/person\/image\/\"},\"sameAs\":[\"http:\/\/annaroznicka.com\",\"https:\/\/www.facebook.com\/AnnaRoznickaPhotography\/\",\"https:\/\/www.instagram.com\/annaroznicka_photography\/\",\"https:\/\/www.linkedin.com\/in\/anna-roznicka\/\",\"https:\/\/x.com\/AnnaRoznicka\"]}]}<\/script>\n<!-- \/ Yoast SEO plugin. -->","yoast_head_json":{"title":"Polityka cookies - Anna R\u00f3\u017cnicka | photography","description":"Polityka Prywatno\u015bci | Cookies 1. Serwis nie zbiera w spos\u00f3b automatyczny \u017cadnych informacji, z wyj\u0105tkiem informacji zawartych w plikach cookies. 2. Pliki","robots":{"index":"noindex","follow":"nofollow"},"og_locale":"pl_PL","og_type":"article","og_title":"Polityka cookies - Anna R\u00f3\u017cnicka | photography","og_description":"Polityka Prywatno\u015bci | Cookies 1. Serwis nie zbiera w spos\u00f3b automatyczny \u017cadnych informacji, z wyj\u0105tkiem informacji zawartych w plikach cookies. 2. Pliki","og_url":"http:\/\/annaroznicka.com\/blog\/polityka-cookies\/","og_site_name":"Anna R\u00f3\u017cnicka | photography","article_publisher":"https:\/\/www.facebook.com\/AnnaRoznickaPhotography\/","article_modified_time":"2017-05-06T18:20:43+00:00","twitter_misc":{"Szacowany czas czytania":"3 minuty"},"schema":{"@context":"https:\/\/schema.org","@graph":[{"@type":"WebPage","@id":"http:\/\/annaroznicka.com\/blog\/polityka-cookies\/","url":"http:\/\/annaroznicka.com\/blog\/polityka-cookies\/","name":"Polityka cookies - Anna R\u00f3\u017cnicka | photography","isPartOf":{"@id":"http:\/\/annaroznicka.com\/blog\/#website"},"datePublished":"2013-03-25T18:53:37+00:00","dateModified":"2017-05-06T18:20:43+00:00","description":"Polityka Prywatno\u015bci | Cookies 1. Serwis nie zbiera w spos\u00f3b automatyczny \u017cadnych informacji, z wyj\u0105tkiem informacji zawartych w plikach cookies. 2. Pliki","breadcrumb":{"@id":"http:\/\/annaroznicka.com\/blog\/polityka-cookies\/#breadcrumb"},"inLanguage":"pl-PL","potentialAction":[{"@type":"ReadAction","target":["http:\/\/annaroznicka.com\/blog\/polityka-cookies\/"]}]},{"@type":"BreadcrumbList","@id":"http:\/\/annaroznicka.com\/blog\/polityka-cookies\/#breadcrumb","itemListElement":[{"@type":"ListItem","position":1,"name":"Strona g\u0142\u00f3wna","item":"http:\/\/annaroznicka.com\/blog\/"},{"@type":"ListItem","position":2,"name":"Polityka cookies"}]},{"@type":"WebSite","@id":"http:\/\/annaroznicka.com\/blog\/#website","url":"http:\/\/annaroznicka.com\/blog\/","name":"Anna R\u00f3\u017cnicka | photography","description":"BLOG ARCHIWALNY","publisher":{"@id":"http:\/\/annaroznicka.com\/blog\/#\/schema\/person\/8a89af41bcef3cd79a8a4cfb81e6a13d"},"potentialAction":[{"@type":"SearchAction","target":{"@type":"EntryPoint","urlTemplate":"http:\/\/annaroznicka.com\/blog\/?s={search_term_string}"},"query-input":{"@type":"PropertyValueSpecification","valueRequired":true,"valueName":"search_term_string"}}],"inLanguage":"pl-PL"},{"@type":["Person","Organization"],"@id":"http:\/\/annaroznicka.com\/blog\/#\/schema\/person\/8a89af41bcef3cd79a8a4cfb81e6a13d","name":"Anna R\u00f3\u017cnicka","image":{"@type":"ImageObject","inLanguage":"pl-PL","@id":"http:\/\/annaroznicka.com\/blog\/#\/schema\/person\/image\/","url":"http:\/\/annaroznicka.com\/blog\/wp-content\/uploads\/2026\/01\/IMG_3345poprawione2.jpg","contentUrl":"http:\/\/annaroznicka.com\/blog\/wp-content\/uploads\/2026\/01\/IMG_3345poprawione2.jpg","width":547,"height":547,"caption":"Anna R\u00f3\u017cnicka"},"logo":{"@id":"http:\/\/annaroznicka.com\/blog\/#\/schema\/person\/image\/"},"sameAs":["http:\/\/annaroznicka.com","https:\/\/www.facebook.com\/AnnaRoznickaPhotography\/","https:\/\/www.instagram.com\/annaroznicka_photography\/","https:\/\/www.linkedin.com\/in\/anna-roznicka\/","https:\/\/x.com\/AnnaRoznicka"]}]}},"uagb_featured_image_src":{"full":false,"thumbnail":false,"medium":false,"medium_large":false,"large":false,"1536x1536":false,"2048x2048":false,"shareaholic-thumbnail":false,"neve-blog":false},"uagb_author_info":{"display_name":"Anna R\u00f3\u017cnicka","author_link":"http:\/\/annaroznicka.com\/blog\/author\/admin\/"},"uagb_comment_info":0,"uagb_excerpt":"Polityka Prywatno\u015bci | Cookies 1. Serwis nie zbiera w spos\u00f3b automatyczny \u017cadnych informacji, z wyj\u0105tkiem informacji zawartych w plikach cookies. 2. Pliki cookies (tzw. \u201eciasteczka\u201d) stanowi\u0105 dane informatyczne, w szczeg\u00f3lno\u015bci pliki tekstowe, kt\u00f3re przechowywane s\u0105 w urz\u0105dzeniu ko\u0144cowym U\u017cytkownika Serwisu i przeznaczone s\u0105 do korzystania ze stron internetowych Serwisu. Cookies zazwyczaj zawieraj\u0105 nazw\u0119 strony internetowej,&hellip;&nbsp;Polityka&hellip;","_links":{"self":[{"href":"http:\/\/annaroznicka.com\/blog\/wp-json\/wp\/v2\/pages\/5343","targetHints":{"allow":["GET"]}}],"collection":[{"href":"http:\/\/annaroznicka.com\/blog\/wp-json\/wp\/v2\/pages"}],"about":[{"href":"http:\/\/annaroznicka.com\/blog\/wp-json\/wp\/v2\/types\/page"}],"author":[{"embeddable":true,"href":"http:\/\/annaroznicka.com\/blog\/wp-json\/wp\/v2\/users\/1"}],"replies":[{"embeddable":true,"href":"http:\/\/annaroznicka.com\/blog\/wp-json\/wp\/v2\/comments?post=5343"}],"version-history":[{"count":2,"href":"http:\/\/annaroznicka.com\/blog\/wp-json\/wp\/v2\/pages\/5343\/revisions"}],"predecessor-version":[{"id":5564,"href":"http:\/\/annaroznicka.com\/blog\/wp-json\/wp\/v2\/pages\/5343\/revisions\/5564"}],"wp:attachment":[{"href":"http:\/\/annaroznicka.com\/blog\/wp-json\/wp\/v2\/media?parent=5343"}],"curies":[{"name":"wp","href":"https:\/\/api.w.org\/{rel}","templated":true}]}}